{"id":77,"date":"2023-01-12T16:26:57","date_gmt":"2023-01-12T15:26:57","guid":{"rendered":"https:\/\/rsao.pionyr.cz\/2023\/?page_id=77"},"modified":"2023-01-12T16:28:08","modified_gmt":"2023-01-12T15:28:08","slug":"kudy-na-zakladnu","status":"publish","type":"page","link":"https:\/\/rsao.pionyr.cz\/2023\/kudy-na-zakladnu\/","title":{"rendered":"Kudy na z\u00e1kladnu"},"content":{"rendered":"<p>[et_pb_section fb_built=&#8220;1&#8243; fullwidth=&#8220;on&#8220; _builder_version=&#8220;4.19.4&#8243; _module_preset=&#8220;default&#8220; background_color=&#8220;gcid-d5a75d48-27e6-4c15-a257-8ab0452eda92&#8243; background_image=&#8220;https:\/\/rsao.pionyr.cz\/2023\/wp-content\/uploads\/sites\/3\/2023\/01\/tz.jpg&#8220; background_blend=&#8220;multiply&#8220; global_colors_info=&#8220;{%22gcid-d5a75d48-27e6-4c15-a257-8ab0452eda92%22:%91%22background_color%22%93}&#8220;][et_pb_fullwidth_header title=&#8220;KUDY NA Z\u00c1KLADNU&#8220; subhead=&#8220;Jak se k n\u00e1m dostanete? V\u0161echny mo\u017enosti najdete n\u00ed\u017ee.&#8220; _builder_version=&#8220;4.19.4&#8243; _module_preset=&#8220;default&#8220; background_enable_color=&#8220;off&#8220; background_enable_image=&#8220;off&#8220; background_blend=&#8220;multiply&#8220; custom_padding=&#8220;||14px|||&#8220; global_colors_info=&#8220;{}&#8220;][\/et_pb_fullwidth_header][\/et_pb_section][et_pb_section fb_built=&#8220;1&#8243; _builder_version=&#8220;4.19.4&#8243; _module_preset=&#8220;default&#8220; custom_padding=&#8220;0px||||false|false&#8220; hover_enabled=&#8220;0&#8243; global_colors_info=&#8220;{}&#8220; sticky_enabled=&#8220;0&#8243;][et_pb_row module_id=&#8220;misto&#8220; _builder_version=&#8220;4.17.4&#8243; _module_preset=&#8220;default&#8220; custom_padding=&#8220;||0px|||&#8220; global_colors_info=&#8220;{}&#8220;][et_pb_column type=&#8220;4_4&#8243; _builder_version=&#8220;4.17.4&#8243; _module_preset=&#8220;default&#8220; global_colors_info=&#8220;{}&#8220;][et_pb_text _builder_version=&#8220;4.19.4&#8243; _module_preset=&#8220;default&#8220; link_font=&#8220;||||on||||&#8220; custom_margin=&#8220;||-9px|||&#8220; global_colors_info=&#8220;{}&#8220;]<\/p>\n<h2>M\u00edsto kon\u00e1n\u00ed<\/h2>\n<h3>TZ Lom\u00ed\u010dek, Hradec u Stoda \ud83c\udfd5<\/h3>\n<p><span style=\"font-size: large;\"><strong>\ud83d\udccc 49.6357308N, 13.1127186E<\/strong><\/span><\/p>\n<p>[\/et_pb_text][\/et_pb_column][\/et_pb_row][\/et_pb_section][et_pb_section fb_built=&#8220;1&#8243; disabled_on=&#8220;on|on|on&#8220; _builder_version=&#8220;4.17.4&#8243; _module_preset=&#8220;default&#8220; custom_padding=&#8220;0px||0px|||&#8220; disabled=&#8220;on&#8220; global_colors_info=&#8220;{}&#8220;][et_pb_row disabled_on=&#8220;off|off|off&#8220; module_id=&#8220;kudy&#8220; _builder_version=&#8220;4.17.4&#8243; _module_preset=&#8220;default&#8220; custom_padding=&#8220;||0px|||&#8220; global_colors_info=&#8220;{}&#8220;][et_pb_column type=&#8220;4_4&#8243; _builder_version=&#8220;4.17.4&#8243; _module_preset=&#8220;default&#8220; global_colors_info=&#8220;{}&#8220;][et_pb_text _builder_version=&#8220;4.17.4&#8243; _module_preset=&#8220;default&#8220; link_font=&#8220;||||on||||&#8220; custom_margin=&#8220;||0px|||&#8220; global_colors_info=&#8220;{}&#8220;]<\/p>\n<h2>Jak se k n\u00e1m dostanete?<\/h2>\n<p>[\/et_pb_text][et_pb_text _builder_version=&#8220;4.17.4&#8243; _module_preset=&#8220;default&#8220; link_font=&#8220;||||on||||&#8220; custom_margin=&#8220;||20px|||&#8220; global_colors_info=&#8220;{}&#8220;]<\/p>\n<h3>Autem \ud83d\ude93 nebo vlastn\u00edm busem \ud83d\ude8c<\/h3>\n<p>Samoz\u0159ejm\u011b nejjednodu\u0161\u0161\u00ed mo\u017enost. Z Bene\u0161ova p\u0159es Postupice do Popovic, d\u00e1le na Kamennou Lhotu. Mezi Popovicemi a Kamennou Lhotou je po prav\u00e9 stran\u011b odbo\u010dka na p\u0159\u00edjezdovou cestu, kterou pozn\u00e1te podle st\u0159edn\u011b velk\u00e9 d\u0159ev\u011bn\u00e9 bedny, kter\u00e1 je z hlavn\u00ed silnice dob\u0159e viditeln\u00e1. Ter\u00e9n je uzp\u016fsoben i aut\u016fm s n\u00edzk\u00fdm podvozkem, nen\u00ed t\u0159eba se b\u00e1t \ud83d\ude09. Google Maps i Waze n\u00e1s znaj\u00ed jako &#8222;T\u00e1borov\u00e1 z\u00e1kladna KAPR Popovice&#8220;.<\/p>\n<p>[\/et_pb_text][\/et_pb_column][\/et_pb_row][et_pb_row column_structure=&#8220;1_3,1_3,1_3&#8243; module_id=&#8220;kudy&#8220; _builder_version=&#8220;4.17.4&#8243; _module_preset=&#8220;default&#8220; custom_padding=&#8220;0px||0px|||&#8220; global_colors_info=&#8220;{}&#8220;][et_pb_column type=&#8220;1_3&#8243; _builder_version=&#8220;4.17.4&#8243; _module_preset=&#8220;default&#8220; global_colors_info=&#8220;{}&#8220;][et_pb_button button_url=&#8220;https:\/\/waze.com\/ul\/hu2c667ukd&#8220; url_new_window=&#8220;on&#8220; button_text=&#8220;Otev\u0159\u00edt Waze&#8220; button_alignment=&#8220;center&#8220; _builder_version=&#8220;4.19.4&#8243; _module_preset=&#8220;default&#8220; custom_button=&#8220;on&#8220; button_text_size=&#8220;16px&#8220; button_icon=&#8220;&#x3d;||divi||400&#8243; button_on_hover=&#8220;off&#8220; custom_margin=&#8220;||||false|false&#8220; box_shadow_style=&#8220;preset1&#8243; global_colors_info=&#8220;{}&#8220;][\/et_pb_button][\/et_pb_column][et_pb_column type=&#8220;1_3&#8243; _builder_version=&#8220;4.17.4&#8243; _module_preset=&#8220;default&#8220; global_colors_info=&#8220;{}&#8220;][\/et_pb_column][et_pb_column type=&#8220;1_3&#8243; _builder_version=&#8220;4.17.4&#8243; _module_preset=&#8220;default&#8220; global_colors_info=&#8220;{}&#8220;][\/et_pb_column][\/et_pb_row][et_pb_row _builder_version=&#8220;4.17.4&#8243; _module_preset=&#8220;default&#8220; custom_padding=&#8220;||0px|||&#8220; global_colors_info=&#8220;{}&#8220;][et_pb_column type=&#8220;4_4&#8243; _builder_version=&#8220;4.17.4&#8243; _module_preset=&#8220;default&#8220; global_colors_info=&#8220;{}&#8220;][et_pb_text _builder_version=&#8220;4.17.4&#8243; _module_preset=&#8220;default&#8220; link_font=&#8220;||||on||||&#8220; custom_margin=&#8220;||20px|||&#8220; global_colors_info=&#8220;{}&#8220;]<\/p>\n<h3>Hromadnou dopravou \ud83d\ude82<\/h3>\n<h4>Ta nejsnaz\u0161\u00ed cesta (jen tam v p\u00e1tek) \ud83d\ude8d&amp;\ud83d\udeb6\u200d\u2642\ufe0f<\/h4>\n<p>V p\u00e1tek je to samoz\u0159ejm\u011b jednodu\u0161\u0161\u00ed, proto\u017ee a\u017e do Popovic jezd\u00ed z Bene\u0161ova autobus. Ten posledn\u00ed jede z n\u00e1stupi\u0161t\u011b \u010d. 11 v 17.15.\u00a0<strong>Nespol\u00e9hejte na vlakov\u00e9 spoje, kter\u00e9 p\u0159\u00edmo navazuj\u00ed. Autobus na nikoho ne\u010dek\u00e1 a \u010desk\u00e9 \u017eeleznice jsou nep\u0159edv\u00eddateln\u00e9.\u00a0<\/strong>Je\u010fte pro jistotu d\u0159\u00edv\u011bj\u0161\u00edm vlakem.<\/p>\n<p>Kdy\u017e pana \u0159idi\u010de hezky popros\u00edte, po zast\u00e1vce Popovice v\u00e1m zastav\u00ed i o kousek d\u00e1l &#8211; u mostu na odbo\u010dce na Kamennou Lhotu \ud83d\ude0e. Cesta z busu je 1,5 km dlouh\u00e1 a je trochu do kopce, ale ur\u010dit\u011b to nen\u00ed nic, co by voj\u00e1k nezvl\u00e1dl levou zadn\u00ed.<\/p>\n<p>O v\u00edkendu sice \u017e\u00e1dn\u00fd autobus nejezd\u00ed a\u017e do Popovic, je tu ale je\u0161t\u011b jedna mo\u017enost, ne\u017e byste museli j\u00edt fakt dlouhou \u0161treku do kopce, \u0159\u00edk\u00e1me j\u00ed Zlat\u00e1 st\u0159edn\u00ed cesta.<br \/>\n[\/et_pb_text][\/et_pb_column][\/et_pb_row][et_pb_row column_structure=&#8220;1_3,1_3,1_3&#8243; _builder_version=&#8220;4.17.4&#8243; _module_preset=&#8220;default&#8220; custom_padding=&#8220;0px||0px|||&#8220; global_colors_info=&#8220;{}&#8220;][et_pb_column type=&#8220;1_3&#8243; _builder_version=&#8220;4.17.4&#8243; _module_preset=&#8220;default&#8220; global_colors_info=&#8220;{}&#8220;][et_pb_button button_url=&#8220;https:\/\/mapy.cz\/s\/hozofedapa&#8220; url_new_window=&#8220;on&#8220; button_text=&#8220;Trasa na Mapy.cz&#8220; button_alignment=&#8220;center&#8220; _builder_version=&#8220;4.17.4&#8243; _module_preset=&#8220;default&#8220; custom_button=&#8220;on&#8220; button_text_size=&#8220;16px&#8220; button_icon=&#8220;&#x3d;||divi||400&#8243; button_on_hover=&#8220;off&#8220; custom_margin=&#8220;||||false|false&#8220; box_shadow_style=&#8220;preset1&#8243; global_colors_info=&#8220;{}&#8220;][\/et_pb_button][\/et_pb_column][et_pb_column type=&#8220;1_3&#8243; _builder_version=&#8220;4.17.4&#8243; _module_preset=&#8220;default&#8220; global_colors_info=&#8220;{}&#8220;][et_pb_button button_url=&#8220;https:\/\/idos.idnes.cz\/vlakyautobusymhdvse\/spojeni\/vysledky\/?date=09.09.2022&#038;time=07:00&#038;f=Bene%C5%A1ov;%20Bene%C5%A1ov&#038;fc=1&#038;t=Popovice;%20Bene%C5%A1ov&#038;tc=200003&#038;cmd=cmdSearch&#8220; url_new_window=&#8220;on&#8220; button_text=&#8220;J\u00edzdn\u00ed \u0159\u00e1d busu tam (p\u00e1tek)&#8220; button_alignment=&#8220;center&#8220; _builder_version=&#8220;4.17.4&#8243; _module_preset=&#8220;default&#8220; custom_button=&#8220;on&#8220; button_text_size=&#8220;16px&#8220; button_icon=&#8220;&#x3d;||divi||400&#8243; button_on_hover=&#8220;off&#8220; custom_margin=&#8220;||||false|false&#8220; box_shadow_style=&#8220;preset1&#8243; global_colors_info=&#8220;{}&#8220;][\/et_pb_button][\/et_pb_column][et_pb_column type=&#8220;1_3&#8243; _builder_version=&#8220;4.17.4&#8243; _module_preset=&#8220;default&#8220; global_colors_info=&#8220;{}&#8220;][\/et_pb_column][\/et_pb_row][et_pb_row _builder_version=&#8220;4.17.4&#8243; _module_preset=&#8220;default&#8220; custom_padding=&#8220;||0px|||&#8220; global_colors_info=&#8220;{}&#8220;][et_pb_column type=&#8220;4_4&#8243; _builder_version=&#8220;4.17.4&#8243; _module_preset=&#8220;default&#8220; global_colors_info=&#8220;{}&#8220;][et_pb_text _builder_version=&#8220;4.17.4&#8243; _module_preset=&#8220;default&#8220; link_font=&#8220;||||on||||&#8220; custom_margin=&#8220;||20px|||&#8220; global_colors_info=&#8220;{}&#8220;]<\/p>\n<h4>Ta zlat\u00e1 st\u0159edn\u00ed cesta (tam i zp\u00e1tky) \ud83d\ude8d&amp;\ud83d\udeb6\u200d\u2642\ufe0f\ud83d\udeb6\u200d\u2642\ufe0f<\/h4>\n<p>Za zlatou st\u0159edn\u00ed cestu pova\u017eujeme tu, kde sice pojedete busem, trochu se k tomu nachod\u00edte, ale zaru\u010den\u011b dojedete tam i zp\u00e1tky bez v\u011bt\u0161\u00edch pot\u00ed\u017e\u00ed.<\/p>\n<p>Z autobusov\u00e9ho termin\u00e1lu v Bene\u0161ov\u011b jezd\u00ed n\u011bkolikr\u00e1t denn\u011b autobus na rozcest\u00ed pod Kondratice, to je takov\u00e1 vesni\u010dka kousek od t\u011bch na\u0161ich Popovic. Obvykle jezd\u00ed z n\u00e1stupi\u0161t\u011b \u010d. 6. Od zast\u00e1vky (Popovice,Kondratice,rozc. &#8211; <strong>pozor, je na znamen\u00ed!<\/strong>) je to 3,7 km po silnici, p\u0159es Popovice a\u017e na z\u00e1kladnu nejd\u0159\u00edve trochu do kopce, pak dost z kopce a ve fin\u00e1le si p\u0159i\u0161l\u00e1pnete p\u0159i cest\u011b na z\u00e1kladnu.<\/p>\n<p>Zp\u00e1tky je to ov\u0161em trochu slo\u017eit\u011bj\u0161\u00ed.\u00a0<strong>Autobus toti\u017e v ned\u011bli jede pouze dvakr\u00e1t<\/strong>, a to v 8.09 a v 15.34.<br \/>\n[\/et_pb_text][\/et_pb_column][\/et_pb_row][et_pb_row column_structure=&#8220;1_3,1_3,1_3&#8243; _builder_version=&#8220;4.17.4&#8243; _module_preset=&#8220;default&#8220; custom_padding=&#8220;0px||0px|||&#8220; global_colors_info=&#8220;{}&#8220;][et_pb_column type=&#8220;1_3&#8243; _builder_version=&#8220;4.17.4&#8243; _module_preset=&#8220;default&#8220; custom_padding=&#8220;||||false|false&#8220; global_colors_info=&#8220;{}&#8220;][et_pb_button button_url=&#8220;https:\/\/mapy.cz\/s\/focapapobo&#8220; url_new_window=&#8220;on&#8220; button_text=&#8220;Trasa na Mapy.cz&#8220; button_alignment=&#8220;center&#8220; _builder_version=&#8220;4.17.6&#8243; _module_preset=&#8220;default&#8220; custom_button=&#8220;on&#8220; button_text_size=&#8220;16px&#8220; button_icon=&#8220;&#x3d;||divi||400&#8243; button_on_hover=&#8220;off&#8220; custom_margin=&#8220;||||false|false&#8220; box_shadow_style=&#8220;preset1&#8243; global_colors_info=&#8220;{}&#8220;][\/et_pb_button][\/et_pb_column][et_pb_column type=&#8220;1_3&#8243; _builder_version=&#8220;4.17.4&#8243; _module_preset=&#8220;default&#8220; custom_padding=&#8220;||||false|false&#8220; global_colors_info=&#8220;{}&#8220;][et_pb_button button_url=&#8220;https:\/\/idos.idnes.cz\/vlakyautobusymhdvse\/spojeni\/vysledky\/?date=09.09.2022&#038;time=09:00&#038;f=Bene%C5%A1ov;%20Bene%C5%A1ov&#038;fc=1&#038;t=Popovice,Kondratice,rozc.&#038;tc=301003&#038;direct=true&#038;cmd=cmdSearch&#8220; url_new_window=&#8220;on&#8220; button_text=&#8220;J\u00edzdn\u00ed \u0159\u00e1d busu tam (p\u00e1tek)&#8220; button_alignment=&#8220;center&#8220; _builder_version=&#8220;4.17.4&#8243; _module_preset=&#8220;default&#8220; custom_button=&#8220;on&#8220; button_text_size=&#8220;16px&#8220; button_icon=&#8220;&#x3d;||divi||400&#8243; button_on_hover=&#8220;off&#8220; custom_margin=&#8220;||||false|false&#8220; box_shadow_style=&#8220;preset1&#8243; global_colors_info=&#8220;{}&#8220;][\/et_pb_button][\/et_pb_column][et_pb_column type=&#8220;1_3&#8243; _builder_version=&#8220;4.17.4&#8243; _module_preset=&#8220;default&#8220; global_colors_info=&#8220;{}&#8220;][et_pb_button button_url=&#8220;https:\/\/idos.idnes.cz\/vlakyautobusymhdvse\/spojeni\/vysledky\/?date=11.09.2022&#038;time=08:09&#038;f=Popovice,Kondratice,rozc.&#038;fc=301003&#038;t=Bene%C5%A1ov;%20Bene%C5%A1ov&#038;tc=1&#038;direct=true&#038;cmd=cmdSearch&#8220; url_new_window=&#8220;on&#8220; button_text=&#8220;J\u00edzdn\u00ed \u0159\u00e1d busu zp\u00e1tky (ned\u011ble)&#8220; button_alignment=&#8220;center&#8220; _builder_version=&#8220;4.17.4&#8243; _module_preset=&#8220;default&#8220; custom_button=&#8220;on&#8220; button_text_size=&#8220;16px&#8220; button_icon=&#8220;&#x3d;||divi||400&#8243; button_on_hover=&#8220;off&#8220; custom_margin=&#8220;||||false|false&#8220; box_shadow_style=&#8220;preset1&#8243; global_colors_info=&#8220;{}&#8220;][\/et_pb_button][\/et_pb_column][\/et_pb_row][et_pb_row _builder_version=&#8220;4.17.4&#8243; _module_preset=&#8220;default&#8220; custom_padding=&#8220;||0px|||&#8220; global_colors_info=&#8220;{}&#8220;][et_pb_column type=&#8220;4_4&#8243; _builder_version=&#8220;4.17.4&#8243; _module_preset=&#8220;default&#8220; global_colors_info=&#8220;{}&#8220;][et_pb_text _builder_version=&#8220;4.17.4&#8243; _module_preset=&#8220;default&#8220; link_font=&#8220;||||on||||&#8220; custom_margin=&#8220;||20px|||&#8220; global_colors_info=&#8220;{}&#8220;]<\/p>\n<h4>Ta nejn\u00e1ro\u010dn\u011bj\u0161\u00ed cesta (tam i zp\u00e1tky) \ud83d\ude82&amp;\ud83d\udeb6\u200d\u2642\ufe0f\ud83d\udeb6\u200d\u2642\ufe0f\ud83d\udeb6\u200d\u2642\ufe0f<\/h4>\n<p>Jste state\u010dn\u00ed dobrodruzi? Z Bene\u0161ova jezd\u00ed v p\u00e1tek ka\u017edou hodinu (v ned\u011bli ka\u017ed\u00e9 dv\u011b hodiny) vlak do Postupic, odkud vede <span style=\"color: #315200;\"><strong>zelen\u00e1 turistick\u00e1 trasa<\/strong><span style=\"color: #000000;\">. Chv\u00edli p\u016fjdete po silnici, pak zapadnete do lesa a chra\u0148 b\u016fh, t\u0159eba i dojdete. Celkov\u00e1 d\u00e9lka trasy je 6 km, z toho asi 2,5 km p\u016fjdete do strm\u011bj\u0161\u00edho kopce. Zp\u00e1tky ale zase z kopce dol\u016f, no neber to.<\/span><\/span><\/p>\n<p>U trasy na Mapy.cz se nenechte zm\u00e1st. Mezi bodem 2 a c\u00edlem m\u016f\u017eete proj\u00edt p\u0159es louku, sta\u010d\u00ed obej\u00edt ohradn\u00edk. Prvn\u00edm \u00fakolem setk\u00e1n\u00ed pro v\u00e1s v\u0161ak bude naj\u00edt z horn\u00ed louky vchod do t\u00e1bora \ud83d\ude0e.<br \/>\n[\/et_pb_text][\/et_pb_column][\/et_pb_row][et_pb_row column_structure=&#8220;1_3,1_3,1_3&#8243; _builder_version=&#8220;4.17.4&#8243; _module_preset=&#8220;default&#8220; custom_padding=&#8220;0px||0px|||&#8220; global_colors_info=&#8220;{}&#8220;][et_pb_column type=&#8220;1_3&#8243; _builder_version=&#8220;4.17.4&#8243; _module_preset=&#8220;default&#8220; global_colors_info=&#8220;{}&#8220;][et_pb_button button_url=&#8220;https:\/\/mapy.cz\/s\/delohegure&#8220; url_new_window=&#8220;on&#8220; button_text=&#8220;Trasa na Mapy.cz&#8220; button_alignment=&#8220;center&#8220; _builder_version=&#8220;4.17.6&#8243; _module_preset=&#8220;default&#8220; custom_button=&#8220;on&#8220; button_text_size=&#8220;16px&#8220; button_icon=&#8220;&#x3d;||divi||400&#8243; button_on_hover=&#8220;off&#8220; custom_margin=&#8220;||||false|false&#8220; box_shadow_style=&#8220;preset1&#8243; global_colors_info=&#8220;{}&#8220;][\/et_pb_button][\/et_pb_column][et_pb_column type=&#8220;1_3&#8243; _builder_version=&#8220;4.17.4&#8243; _module_preset=&#8220;default&#8220; global_colors_info=&#8220;{}&#8220;][et_pb_button button_url=&#8220;https:\/\/drive.google.com\/uc?export=download&#038;id=14OheeATruJAMQak24ELFN1NEOLz-uGL2&#8243; url_new_window=&#8220;on&#8220; button_text=&#8220;J\u00edzdn\u00ed \u0159\u00e1d vlaku tam (p\u00e1tek)&#8220; button_alignment=&#8220;center&#8220; _builder_version=&#8220;4.17.4&#8243; _module_preset=&#8220;default&#8220; custom_button=&#8220;on&#8220; button_text_size=&#8220;16px&#8220; button_icon=&#8220;&#x3d;||divi||400&#8243; button_on_hover=&#8220;off&#8220; custom_margin=&#8220;||||false|false&#8220; box_shadow_style=&#8220;preset1&#8243; global_colors_info=&#8220;{}&#8220;][\/et_pb_button][\/et_pb_column][et_pb_column type=&#8220;1_3&#8243; _builder_version=&#8220;4.17.4&#8243; _module_preset=&#8220;default&#8220; global_colors_info=&#8220;{}&#8220;][et_pb_button button_url=&#8220;https:\/\/drive.google.com\/uc?export=download&#038;id=1W7YWp5HEazXTPu0Hj9ijBbrouiv3_Ymm&#8220; url_new_window=&#8220;on&#8220; button_text=&#8220;J\u00edzdn\u00ed \u0159\u00e1d vlaku zp\u00e1tky (ned\u011ble)&#8220; button_alignment=&#8220;center&#8220; _builder_version=&#8220;4.17.4&#8243; _module_preset=&#8220;default&#8220; custom_button=&#8220;on&#8220; button_text_size=&#8220;16px&#8220; button_icon=&#8220;&#x3d;||divi||400&#8243; button_on_hover=&#8220;off&#8220; custom_margin=&#8220;||||false|false&#8220; box_shadow_style=&#8220;preset1&#8243; global_colors_info=&#8220;{}&#8220;][\/et_pb_button][\/et_pb_column][\/et_pb_row][et_pb_row _builder_version=&#8220;4.17.4&#8243; _module_preset=&#8220;default&#8220; custom_padding=&#8220;||0px|||&#8220; global_colors_info=&#8220;{}&#8220;][et_pb_column type=&#8220;4_4&#8243; _builder_version=&#8220;4.17.4&#8243; _module_preset=&#8220;default&#8220; global_colors_info=&#8220;{}&#8220;][et_pb_text _builder_version=&#8220;4.17.4&#8243; _module_preset=&#8220;default&#8220; link_font=&#8220;||||on||||&#8220; custom_margin=&#8220;||20px|||&#8220; global_colors_info=&#8220;{}&#8220;]<\/p>\n<h3>Helikopt\u00e9rou nebo t\u0159eba st\u00edha\u010dkou \ud83d\ude81<\/h3>\n<p>No hele\u010fte, u n\u00e1s by asi p\u0159ist\u00e1lo kdeco, ale z\u016fsta\u0148me u klasick\u00fdch mo\u017enost\u00ed, jo?<br \/>\n[\/et_pb_text][\/et_pb_column][\/et_pb_row][\/et_pb_section]<\/p>\n","protected":false},"excerpt":{"rendered":"<p>M\u00edsto kon\u00e1n\u00ed TZ Lom\u00ed\u010dek, Hradec u Stoda \ud83c\udfd5 \ud83d\udccc 49.6357308N, 13.1127186EJak se k n\u00e1m dostanete? Autem \ud83d\ude93 nebo vlastn\u00edm busem \ud83d\ude8c Samoz\u0159ejm\u011b nejjednodu\u0161\u0161\u00ed mo\u017enost. Z Bene\u0161ova p\u0159es Postupice do Popovic, d\u00e1le na Kamennou Lhotu. Mezi Popovicemi a Kamennou Lhotou je po prav\u00e9 stran\u011b odbo\u010dka na p\u0159\u00edjezdovou cestu, kterou pozn\u00e1te podle st\u0159edn\u011b velk\u00e9 d\u0159ev\u011bn\u00e9 bedny, kter\u00e1 [&hellip;]<\/p>\n","protected":false},"author":1,"featured_media":0,"parent":0,"menu_order":0,"comment_status":"closed","ping_status":"closed","template":"","meta":{"_et_pb_use_builder":"on","_et_pb_old_content":"","_et_gb_content_width":"","inline_featured_image":false,"footnotes":""},"class_list":["post-77","page","type-page","status-publish","hentry"],"_links":{"self":[{"href":"https:\/\/rsao.pionyr.cz\/2023\/wp-json\/wp\/v2\/pages\/77"}],"collection":[{"href":"https:\/\/rsao.pionyr.cz\/2023\/wp-json\/wp\/v2\/pages"}],"about":[{"href":"https:\/\/rsao.pionyr.cz\/2023\/wp-json\/wp\/v2\/types\/page"}],"author":[{"embeddable":true,"href":"https:\/\/rsao.pionyr.cz\/2023\/wp-json\/wp\/v2\/users\/1"}],"replies":[{"embeddable":true,"href":"https:\/\/rsao.pionyr.cz\/2023\/wp-json\/wp\/v2\/comments?post=77"}],"version-history":[{"count":6,"href":"https:\/\/rsao.pionyr.cz\/2023\/wp-json\/wp\/v2\/pages\/77\/revisions"}],"predecessor-version":[{"id":86,"href":"https:\/\/rsao.pionyr.cz\/2023\/wp-json\/wp\/v2\/pages\/77\/revisions\/86"}],"wp:attachment":[{"href":"https:\/\/rsao.pionyr.cz\/2023\/wp-json\/wp\/v2\/media?parent=77"}],"curies":[{"name":"wp","href":"https:\/\/api.w.org\/{rel}","templated":true}]}}